{"id":71,"date":"2024-11-04T15:02:19","date_gmt":"2024-11-04T15:02:19","guid":{"rendered":"https:\/\/elbmonteure-industrie.de\/?page_id=71"},"modified":"2025-02-17T14:24:36","modified_gmt":"2025-02-17T13:24:36","slug":"impressum","status":"publish","type":"page","link":"https:\/\/elbmonteure-industrie.de\/index.php\/impressum\/","title":{"rendered":"Impressum"},"content":{"rendered":"\t\t<div data-elementor-type=\"wp-page\" data-elementor-id=\"71\" class=\"elementor elementor-71\" data-elementor-post-type=\"page\">\n\t\t\t\t<div class=\"elementor-element elementor-element-5a5bbfa e-flex e-con-boxed e-con e-parent\" data-id=\"5a5bbfa\" data-element_type=\"container\" data-e-type=\"container\" data-settings=\"{&quot;background_background&quot;:&quot;gradient&quot;}\">\n\t\t\t\t\t<div class=\"e-con-inner\">\n\t\t\t\t<div class=\"elementor-element elementor-element-7eb36b5 elementor-widget elementor-widget-heading\" data-id=\"7eb36b5\" data-element_type=\"widget\" data-e-type=\"widget\" data-settings=\"{&quot;_animation&quot;:&quot;none&quot;,&quot;_animation_delay&quot;:300}\" data-widget_type=\"heading.default\">\n\t\t\t\t<div class=\"elementor-widget-container\">\n\t\t\t\t\t<h1 class=\"elementor-heading-title elementor-size-default\">Impressum<\/h1>\t\t\t\t<\/div>\n\t\t\t\t<\/div>\n\t\t\t\t\t<\/div>\n\t\t\t\t<\/div>\n\t\t<div class=\"elementor-element elementor-element-814337d e-flex e-con-boxed e-con e-parent\" data-id=\"814337d\" data-element_type=\"container\" data-e-type=\"container\">\n\t\t\t\t\t<div class=\"e-con-inner\">\n\t\t\t\t<div class=\"elementor-element elementor-element-ed69979 elementor-widget elementor-widget-text-editor\" data-id=\"ed69979\" data-element_type=\"widget\" data-e-type=\"widget\" data-widget_type=\"text-editor.default\">\n\t\t\t\t<div class=\"elementor-widget-container\">\n\t\t\t\t\t\t\t\t\t<div id=\"content\" class=\"content\" role=\"main\"><h2>Die Elbmonteure Service Industrie GmbH<\/h2><h3>Gesch\u00e4ftsf\u00fchrer: Dirk Hartwig<\/h3><h5>Bredowstrasse 10, 22113 Hamburg, Deutschland<\/h5><h5>E-Mail-Adresse: info@elbmonteure-industrie.de<\/h5><h5>Telefonnummer: 040 59 36 127 420<\/h5><h5>Registernummer: Hamburg<\/h5><h5>Amtsgericht Hamburg \u2013 HRB 187734\u00a0<\/h5><h5>Umsatzsteuer-Identifikationsnummer: DE199743334<\/h5><p>Verantwortlich f\u00fcr den Inhalt: Dirk Hartwig<br \/>Plattform der Europ\u00e4ischen Kommission zur Online-Streitbeilegung (OS) f\u00fcr Verbraucher: https:\/\/ec.europa.eu\/consumers\/odr\/. Wir sind nicht bereit und nicht verpflichtet an einem Streitbeilegungsverfahren vor einer Verbraucherschlichtungsstelle teilzunehmen.<\/p><\/div>\t\t\t\t\t\t\t\t<\/div>\n\t\t\t\t<\/div>\n\t\t\t\t\t<\/div>\n\t\t\t\t<\/div>\n\t\t\t\t<\/div>\n\t\t","protected":false},"excerpt":{"rendered":"<p>Impressum Die Elbmonteure Service Industrie GmbH Gesch\u00e4ftsf\u00fchrer: Dirk Hartwig Bredowstrasse 10, 22113 Hamburg, Deutschland E-Mail-Adresse: info@elbmonteure-industrie.de Telefonnummer: 040 59 36 127 420 Registernummer: Hamburg Amtsgericht Hamburg \u2013 HRB 187734\u00a0 Umsatzsteuer-Identifikationsnummer: DE199743334 Verantwortlich f\u00fcr den Inhalt: Dirk HartwigPlattform der Europ\u00e4ischen Kommission zur Online-Streitbeilegung (OS) f\u00fcr Verbraucher: https:\/\/ec.europa.eu\/consumers\/odr\/. Wir sind nicht bereit und nicht verpflichtet an einem [&hellip;]<\/p>\n","protected":false},"author":1,"featured_media":0,"parent":0,"menu_order":0,"comment_status":"closed","ping_status":"closed","template":"","meta":{"footnotes":""},"class_list":["post-71","page","type-page","status-publish","hentry"],"_links":{"self":[{"href":"https:\/\/elbmonteure-industrie.de\/index.php\/wp-json\/wp\/v2\/pages\/71","targetHints":{"allow":["GET"]}}],"collection":[{"href":"https:\/\/elbmonteure-industrie.de\/index.php\/wp-json\/wp\/v2\/pages"}],"about":[{"href":"https:\/\/elbmonteure-industrie.de\/index.php\/wp-json\/wp\/v2\/types\/page"}],"author":[{"embeddable":true,"href":"https:\/\/elbmonteure-industrie.de\/index.php\/wp-json\/wp\/v2\/users\/1"}],"replies":[{"embeddable":true,"href":"https:\/\/elbmonteure-industrie.de\/index.php\/wp-json\/wp\/v2\/comments?post=71"}],"version-history":[{"count":16,"href":"https:\/\/elbmonteure-industrie.de\/index.php\/wp-json\/wp\/v2\/pages\/71\/revisions"}],"predecessor-version":[{"id":1529,"href":"https:\/\/elbmonteure-industrie.de\/index.php\/wp-json\/wp\/v2\/pages\/71\/revisions\/1529"}],"wp:attachment":[{"href":"https:\/\/elbmonteure-industrie.de\/index.php\/wp-json\/wp\/v2\/media?parent=71"}],"curies":[{"name":"wp","href":"https:\/\/api.w.org\/{rel}","templated":true}]}}